{"id":2675,"date":"2024-06-03T18:54:34","date_gmt":"2024-06-03T16:54:34","guid":{"rendered":"https:\/\/kuca-grdan-drenovac.com\/kontakt\/"},"modified":"2024-06-03T18:54:34","modified_gmt":"2024-06-03T16:54:34","slug":"kontakt","status":"publish","type":"page","link":"https:\/\/kuca-grdan-drenovac.com\/en\/kontakt\/","title":{"rendered":"Kontakt"},"content":{"rendered":"\t\t<div data-elementor-type=\"wp-page\" data-elementor-id=\"2675\" class=\"elementor elementor-2675 elementor-160\">\n\t\t\t\t\t\t<section class=\"elementor-section elementor-top-section elementor-element elementor-element-89cbd92 elementor-section-full_width elementor-section-content-middle elementor-section-height-default elementor-section-height-default elementor-invisible\" data-id=\"89cbd92\" data-element_type=\"section\" data-settings=\"{&quot;background_background&quot;:&quot;classic&quot;,&quot;animation&quot;:&quot;fadeIn&quot;}\">\n\t\t\t\t\t\t\t<div class=\"elementor-background-overlay\"><\/div>\n\t\t\t\t\t\t\t<div class=\"elementor-container elementor-column-gap-default\">\n\t\t\t\t\t<div class=\"elementor-column elementor-col-33 elementor-top-column elementor-element elementor-element-384da6a\" data-id=\"384da6a\" data-element_type=\"column\">\n\t\t\t<div class=\"elementor-widget-wrap elementor-element-populated\">\n\t\t\t\t\t\t<section class=\"elementor-section elementor-inner-section elementor-element elementor-element-b50fa20 elementor-section-boxed elementor-section-height-default elementor-section-height-default\" data-id=\"b50fa20\" data-element_type=\"section\">\n\t\t\t\t\t\t<div class=\"elementor-container elementor-column-gap-default\">\n\t\t\t\t\t<div class=\"elementor-column elementor-col-100 elementor-inner-column elementor-element elementor-element-ace6cc4\" data-id=\"ace6cc4\" data-element_type=\"column\">\n\t\t\t<div class=\"elementor-widget-wrap elementor-element-populated\">\n\t\t\t\t\t\t<div class=\"elementor-element elementor-element-be72d54 elementor-widget elementor-widget-heading\" data-id=\"be72d54\" data-element_type=\"widget\" data-widget_type=\"heading.default\">\n\t\t\t\t<div class=\"elementor-widget-container\">\n\t\t\t<h1 class=\"elementor-heading-title elementor-size-default\">Kontakt<\/h1>\t\t<\/div>\n\t\t\t\t<\/div>\n\t\t\t\t<div class=\"elementor-element elementor-element-1f90063 elementor-widget elementor-widget-heading\" data-id=\"1f90063\" data-element_type=\"widget\" data-widget_type=\"heading.default\">\n\t\t\t\t<div class=\"elementor-widget-container\">\n\t\t\t<h2 class=\"elementor-heading-title elementor-size-default\"><a href=\"https:\/\/www.google.com\/maps\/place\/Ku%C4%87a+za+odmor+Gr%C4%91an\/@45.5534638,17.7146002,17z\/data=!3m1!4b1!4m15!1m8!3m7!1s0x475d7c151603fc4b:0x67d394d0f70d4aa9!2sSlatinski+Drenovac!3b1!8m2!3d45.5504992!4d17.7074829!16s%2Fg%2F122mq_m3!3m5!1s0x475d7d3e9b2aed75:0x136ee66d1e03582c!8m2!3d45.5534602!4d17.7171018!16s%2Fg%2F11y5d_x66d?entry=ttu\" target=\"_blank\">Vlasnik Tihomir Gr\u0111an<\/a><\/h2>\t\t<\/div>\n\t\t\t\t<\/div>\n\t\t\t\t<div class=\"elementor-element elementor-element-5632068 elementor-widget elementor-widget-heading\" data-id=\"5632068\" data-element_type=\"widget\" data-widget_type=\"heading.default\">\n\t\t\t\t<div class=\"elementor-widget-container\">\n\t\t\t<h2 class=\"elementor-heading-title elementor-size-default\"><a href=\"https:\/\/www.google.com\/maps\/place\/Ku%C4%87a+za+odmor+Gr%C4%91an\/@45.5534638,17.7146002,17z\/data=!3m1!4b1!4m15!1m8!3m7!1s0x475d7c151603fc4b:0x67d394d0f70d4aa9!2sSlatinski+Drenovac!3b1!8m2!3d45.5504992!4d17.7074829!16s%2Fg%2F122mq_m3!3m5!1s0x475d7d3e9b2aed75:0x136ee66d1e03582c!8m2!3d45.5534602!4d17.7171018!16s%2Fg%2F11y5d_x66d?entry=ttu\" target=\"_blank\">Adresa: Slavonska ulica 22, Slatinski Drenovac<\/a><\/h2>\t\t<\/div>\n\t\t\t\t<\/div>\n\t\t\t\t<div class=\"elementor-element elementor-element-1188bb1 elementor-widget elementor-widget-heading\" data-id=\"1188bb1\" data-element_type=\"widget\" data-widget_type=\"heading.default\">\n\t\t\t\t<div class=\"elementor-widget-container\">\n\t\t\t<h2 class=\"elementor-heading-title elementor-size-default\"><a href=\"tel:+385992623729\" target=\"_blank\">Kontakt telefon: +385 99 262 3729<\/a><\/h2>\t\t<\/div>\n\t\t\t\t<\/div>\n\t\t\t\t<div class=\"elementor-element elementor-element-9553e90 elementor-widget elementor-widget-heading\" data-id=\"9553e90\" data-element_type=\"widget\" data-widget_type=\"heading.default\">\n\t\t\t\t<div class=\"elementor-widget-container\">\n\t\t\t<h2 class=\"elementor-heading-title elementor-size-default\">Na\u0161 tim je uvijek tu da vam pomogne i odgovori na sva va\u0161a pitanja. Ne ustru\u010davajte se kontaktirati nas, jer smo tu da vam pru\u017eimo najbolju mogu\u0107u uslugu. Hvala vam \u0161to ste odabrali nas!<\/h2>\t\t<\/div>\n\t\t\t\t<\/div>\n\t\t\t\t<div class=\"elementor-element elementor-element-b036673 elementor-button-align-stretch elementor-widget elementor-widget-WpRentals_Contact_Form_Builder\" data-id=\"b036673\" data-element_type=\"widget\" data-widget_type=\"WpRentals_Contact_Form_Builder.default\">\n\t\t\t\t<div class=\"elementor-widget-container\">\n\t\t\t\n\n\n\n\n\t\t\t<form class=\"elementor-form wprentals_elementor_form\"  id=\"wprentals-elementor-form-b036673\" method=\"post\" >\n            <div id=\"booking_form_request_mess_modal\"><\/div>\n\n            <input name=\"prop_id\" type=\"hidden\"  id=\"contact_form_elementor\" value=\"1\">\n            <input type=\"hidden\" name=\"contact_ajax_nonce\" id=\"agent_property_ajax_nonce\"  value=\"8d241cf53b\" \/>\n\n            <input type=\"hidden\" id=\"elementor_email_subject\" name=\"email_suject\" value=\"Nova poruka sa internet stranice ku\u0107a za odmor Gr\u0111an\" \/>\n\n\t\t\t\t\t\t<div class=\"elementor-form-fields-wrapper elementor-labels-above\">\n\t\t\t\t\t\t\t\t<div class=\"elementor-field-group elementor-column form-group elementor-field-group-name elementor-col-50\"><label for=\"form-field-name\" class=\"elementor-field-label elementor-screen-only\">Ime i prezime<\/label><input type=\"text\" name=\"name\" id=\"rentals_contact_builder_name\" class=\"elementor-field form-control elementor-size-sm elementor-field-textual\" placeholder=\"Va\u0161e ime i prezime\"><\/div><div class=\"elementor-field-group elementor-column form-group elementor-field-group-email elementor-field-required elementor-col-50\"><label for=\"form-field-email\" class=\"elementor-field-label elementor-screen-only\">Email*<\/label><input type=\"email\" name=\"email\" id=\"rentals_contact_builder_email\" class=\"elementor-field form-control elementor-size-sm elementor-field-textual\" required=\"required\" placeholder=\"Va\u0161a e-mail adresa\"><\/div><div class=\"elementor-field-group elementor-column form-group elementor-field-group-booking_from_date elementor-field-required elementor-col-50\"><label for=\"form-field-booking_from_date\" class=\"elementor-field-label elementor-screen-only\">Mobitel*<\/label><input type=\"text\" name=\"mobile\" id=\"rentals_contact_builder_mobile\" class=\"elementor-field form-control elementor-size-sm elementor-field-textual\" required=\"required\" placeholder=\"Broj mobitela\"><\/div><div class=\"elementor-field-group elementor-column form-group elementor-field-group-9aaf781 elementor-field-required elementor-col-50\"><label for=\"form-field-9aaf781\" class=\"elementor-field-label elementor-screen-only\">Broj osoba*<\/label><input type=\"text\" name=\"guests\" id=\"rentals_contact_builder_guests\" class=\"elementor-field form-control elementor-size-sm elementor-field-textual\" required=\"required\" placeholder=\"Broj osoba\"><\/div><div class=\"elementor-field-group elementor-column form-group elementor-field-group-message elementor-col-100\"><label for=\"form-field-message\" class=\"elementor-field-label elementor-screen-only\">Poruka<\/label><textarea class=\"form-control elementor-field-textual elementor-field elementor-size-sm\" name=\"message\" id=\"form-field-message\" rows=\"4\" placeholder=\"Poruka\"><\/textarea><\/div>\n\t\t\t\t\t\t\t\t<div class=\"elementor-field-group elementor-column elementor-field-type-submit elementor-col-100\">\n\t\t\t\t\t\t\t\t\t\t\t\t\t\t\t\t\t\t<button type=\"submit\" class=\"agent_submit_class_elementor wpresidence_button wprentals_button_elementor elementor-button elementor-size-md\">\n\t\t\t\t\t\t\t\t\t\t\t\t\t\t\t\t\t\t\t\t\t\t\t\tPo\u0161aljite poruku\t\t\t\t\t\t\t\t\t\t\t\t\t\t\t\t\t\t\t\t<\/button>\n\n\t\t\t\t\t\t\t\t<\/div>\n\t\t\t\t\t\t<\/div>\n\n\n\n\t\t\t\t<\/form>\n        <script>\n\n            jQuery(document).ready(function() {\n           \n                jQuery('input[name=\"booking_from_date\"]').each(function(){             \n                    var item_parent =   jQuery(this).parent().parent();\n                    var in_date     =   item_parent.find('input[name=\"booking_from_date\"]') .attr('id');\n                    var out_date    =   item_parent.find('input[name=\"booking_to_date\"]') .attr('id');\n                    console.log('in_date : '+in_date +\" out_date \"+out_date);\n                    wpestaste_check_in_out_enable_new(in_date, out_date);\n                    \n                });\n                wprentals_elementor_submit_form();\n            });\n        <\/script>\n\n\n\n    \t\t<\/div>\n\t\t\t\t<\/div>\n\t\t\t\t\t<\/div>\n\t\t<\/div>\n\t\t\t\t\t<\/div>\n\t\t<\/section>\n\t\t\t\t\t<\/div>\n\t\t<\/div>\n\t\t\t\t<div class=\"elementor-column elementor-col-33 elementor-top-column elementor-element elementor-element-7d01469\" data-id=\"7d01469\" data-element_type=\"column\" data-settings=\"{&quot;background_background&quot;:&quot;classic&quot;}\">\n\t\t\t<div class=\"elementor-widget-wrap elementor-element-populated\">\n\t\t\t\t\t\t<div class=\"elementor-element elementor-element-da7c0e4 elementor-widget elementor-widget-shortcode\" data-id=\"da7c0e4\" data-element_type=\"widget\" data-widget_type=\"shortcode.default\">\n\t\t\t\t<div class=\"elementor-widget-container\">\n\t\t\t\t\t<div class=\"elementor-shortcode\"><iframe src=\"https:\/\/www.google.com\/maps\/embed?pb=!1m18!1m12!1m3!1d2793.843990651601!2d17.71460017986949!3d45.55346382216366!2m3!1f0!2f0!3f0!3m2!1i1024!2i768!4f13.1!3m3!1m2!1s0x475d7d3e9b2aed75%3A0x136ee66d1e03582c!2zS3XEh2EgemEgb2Rtb3IgR3LEkWFu!5e0!3m2!1sen!2shr!4v1718184335292!5m2!1sen!2shr\" width=\"100%\" height=\"1000\" style=\"border:0;\" allowfullscreen=\"\" loading=\"lazy\" referrerpolicy=\"no-referrer-when-downgrade\"><\/iframe><\/div>\n\t\t\t\t<\/div>\n\t\t\t\t<\/div>\n\t\t\t\t\t<\/div>\n\t\t<\/div>\n\t\t\t\t<div class=\"elementor-column elementor-col-33 elementor-top-column elementor-element elementor-element-3b7b0e3\" data-id=\"3b7b0e3\" data-element_type=\"column\" data-settings=\"{&quot;background_background&quot;:&quot;classic&quot;}\">\n\t\t\t<div class=\"elementor-widget-wrap elementor-element-populated\">\n\t\t\t\t\t\t<div class=\"elementor-element elementor-element-5ec2f9a elementor-widget elementor-widget-spacer\" data-id=\"5ec2f9a\" data-element_type=\"widget\" data-widget_type=\"spacer.default\">\n\t\t\t\t<div class=\"elementor-widget-container\">\n\t\t\t\t\t<div class=\"elementor-spacer\">\n\t\t\t<div class=\"elementor-spacer-inner\"><\/div>\n\t\t<\/div>\n\t\t\t\t<\/div>\n\t\t\t\t<\/div>\n\t\t\t\t\t<\/div>\n\t\t<\/div>\n\t\t\t\t\t<\/div>\n\t\t<\/section>\n\t\t\t\t<\/div>\n\t\t","protected":false},"excerpt":{"rendered":"<p>Kontakt Vlasnik Tihomir Gr\u0111an Adresa: Slavonska ulica 22, Slatinski Drenovac Kontakt telefon: +385 99 262 3729 Na\u0161 tim je uvijek tu da vam pomogne i odgovori na sva va\u0161a pitanja. Ne ustru\u010davajte se kontaktirati nas, jer smo tu da vam pru\u017eimo najbolju mogu\u0107u uslugu. Hvala vam \u0161to ste odabrali nas! Ime i prezimeEmail*Mobitel*Broj osoba*Poruka Po\u0161aljite &#8230;<\/p>\n","protected":false},"author":1,"featured_media":0,"parent":0,"menu_order":0,"comment_status":"closed","ping_status":"closed","template":"elementor_header_footer","meta":{"footnotes":""},"class_list":["post-2675","page","type-page","status-publish","hentry"],"yoast_head":"<!-- This site is optimized with the Yoast SEO plugin v24.8.1 - https:\/\/yoast.com\/wordpress\/plugins\/seo\/ -->\n<title>Kontakt - Ku\u0107a za odmor Gr\u0111an Drenovac<\/title>\n<meta name=\"robots\" content=\"index, follow, max-snippet:-1, max-image-preview:large, max-video-preview:-1\" \/>\n<link rel=\"canonical\" href=\"https:\/\/kuca-grdan-drenovac.com\/kontakt\/\" \/>\n<meta property=\"og:locale\" content=\"en_US\" \/>\n<meta property=\"og:type\" content=\"article\" \/>\n<meta property=\"og:title\" content=\"Kontakt - Ku\u0107a za odmor Gr\u0111an Drenovac\" \/>\n<meta property=\"og:description\" content=\"Kontakt Vlasnik Tihomir Gr\u0111an Adresa: Slavonska ulica 22, Slatinski Drenovac Kontakt telefon: +385 99 262 3729 Na\u0161 tim je uvijek tu da vam pomogne i odgovori na sva va\u0161a pitanja. Ne ustru\u010davajte se kontaktirati nas, jer smo tu da vam pru\u017eimo najbolju mogu\u0107u uslugu. Hvala vam \u0161to ste odabrali nas! Ime i prezimeEmail*Mobitel*Broj osoba*Poruka Po\u0161aljite ...\" \/>\n<meta property=\"og:url\" content=\"https:\/\/kuca-grdan-drenovac.com\/kontakt\/\" \/>\n<meta property=\"og:site_name\" content=\"Ku\u0107a za odmor Gr\u0111an Drenovac\" \/>\n<meta property=\"article:publisher\" content=\"https:\/\/www.facebook.com\/profile.php?id=61560680851262\" \/>\n<meta name=\"twitter:card\" content=\"summary_large_image\" \/>\n<meta name=\"twitter:label1\" content=\"Est. reading time\" \/>\n\t<meta name=\"twitter:data1\" content=\"1 minute\" \/>\n<script type=\"application\/ld+json\" class=\"yoast-schema-graph\">{\"@context\":\"https:\/\/schema.org\",\"@graph\":[{\"@type\":\"WebPage\",\"@id\":\"https:\/\/kuca-grdan-drenovac.com\/kontakt\/\",\"url\":\"https:\/\/kuca-grdan-drenovac.com\/kontakt\/\",\"name\":\"Kontakt - Ku\u0107a za odmor Gr\u0111an Drenovac\",\"isPartOf\":{\"@id\":\"https:\/\/kuca-grdan-drenovac.com\/#website\"},\"datePublished\":\"2024-06-03T16:54:34+00:00\",\"breadcrumb\":{\"@id\":\"https:\/\/kuca-grdan-drenovac.com\/kontakt\/#breadcrumb\"},\"inLanguage\":\"en-US\",\"potentialAction\":[{\"@type\":\"ReadAction\",\"target\":[\"https:\/\/kuca-grdan-drenovac.com\/kontakt\/\"]}]},{\"@type\":\"BreadcrumbList\",\"@id\":\"https:\/\/kuca-grdan-drenovac.com\/kontakt\/#breadcrumb\",\"itemListElement\":[{\"@type\":\"ListItem\",\"position\":1,\"name\":\"Po\u010detna stranica\",\"item\":\"https:\/\/kuca-grdan-drenovac.com\/de\/\"},{\"@type\":\"ListItem\",\"position\":2,\"name\":\"Kontakt\"}]},{\"@type\":\"WebSite\",\"@id\":\"https:\/\/kuca-grdan-drenovac.com\/#website\",\"url\":\"https:\/\/kuca-grdan-drenovac.com\/\",\"name\":\"Ku\u0107a za odmor Gr\u0111an Drenovac\",\"description\":\"Odmor u zagrljaju prirode na obroncima Papuka u selu Slatinski Drenovac\",\"publisher\":{\"@id\":\"https:\/\/kuca-grdan-drenovac.com\/#organization\"},\"potentialAction\":[{\"@type\":\"SearchAction\",\"target\":{\"@type\":\"EntryPoint\",\"urlTemplate\":\"https:\/\/kuca-grdan-drenovac.com\/?s={search_term_string}\"},\"query-input\":{\"@type\":\"PropertyValueSpecification\",\"valueRequired\":true,\"valueName\":\"search_term_string\"}}],\"inLanguage\":\"en-US\"},{\"@type\":\"Organization\",\"@id\":\"https:\/\/kuca-grdan-drenovac.com\/#organization\",\"name\":\"Ku\u0107a za odmor Gr\u0111an Drenovac\",\"url\":\"https:\/\/kuca-grdan-drenovac.com\/\",\"logo\":{\"@type\":\"ImageObject\",\"inLanguage\":\"en-US\",\"@id\":\"https:\/\/kuca-grdan-drenovac.com\/#\/schema\/logo\/image\/\",\"url\":\"https:\/\/kuca-grdan-drenovac.com\/wp-content\/uploads\/2024\/06\/kuca_za_odmor_grdjan-2.png\",\"contentUrl\":\"https:\/\/kuca-grdan-drenovac.com\/wp-content\/uploads\/2024\/06\/kuca_za_odmor_grdjan-2.png\",\"width\":350,\"height\":214,\"caption\":\"Ku\u0107a za odmor Gr\u0111an Drenovac\"},\"image\":{\"@id\":\"https:\/\/kuca-grdan-drenovac.com\/#\/schema\/logo\/image\/\"},\"sameAs\":[\"https:\/\/www.facebook.com\/profile.php?id=61560680851262\",\"https:\/\/www.instagram.com\/kuca_za_odmor_grdan\/\"]}]}<\/script>\n<!-- \/ Yoast SEO plugin. -->","yoast_head_json":{"title":"Kontakt - Ku\u0107a za odmor Gr\u0111an Drenovac","robots":{"index":"index","follow":"follow","max-snippet":"max-snippet:-1","max-image-preview":"max-image-preview:large","max-video-preview":"max-video-preview:-1"},"canonical":"https:\/\/kuca-grdan-drenovac.com\/kontakt\/","og_locale":"en_US","og_type":"article","og_title":"Kontakt - Ku\u0107a za odmor Gr\u0111an Drenovac","og_description":"Kontakt Vlasnik Tihomir Gr\u0111an Adresa: Slavonska ulica 22, Slatinski Drenovac Kontakt telefon: +385 99 262 3729 Na\u0161 tim je uvijek tu da vam pomogne i odgovori na sva va\u0161a pitanja. Ne ustru\u010davajte se kontaktirati nas, jer smo tu da vam pru\u017eimo najbolju mogu\u0107u uslugu. Hvala vam \u0161to ste odabrali nas! Ime i prezimeEmail*Mobitel*Broj osoba*Poruka Po\u0161aljite ...","og_url":"https:\/\/kuca-grdan-drenovac.com\/kontakt\/","og_site_name":"Ku\u0107a za odmor Gr\u0111an Drenovac","article_publisher":"https:\/\/www.facebook.com\/profile.php?id=61560680851262","twitter_card":"summary_large_image","twitter_misc":{"Est. reading time":"1 minute"},"schema":{"@context":"https:\/\/schema.org","@graph":[{"@type":"WebPage","@id":"https:\/\/kuca-grdan-drenovac.com\/kontakt\/","url":"https:\/\/kuca-grdan-drenovac.com\/kontakt\/","name":"Kontakt - Ku\u0107a za odmor Gr\u0111an Drenovac","isPartOf":{"@id":"https:\/\/kuca-grdan-drenovac.com\/#website"},"datePublished":"2024-06-03T16:54:34+00:00","breadcrumb":{"@id":"https:\/\/kuca-grdan-drenovac.com\/kontakt\/#breadcrumb"},"inLanguage":"en-US","potentialAction":[{"@type":"ReadAction","target":["https:\/\/kuca-grdan-drenovac.com\/kontakt\/"]}]},{"@type":"BreadcrumbList","@id":"https:\/\/kuca-grdan-drenovac.com\/kontakt\/#breadcrumb","itemListElement":[{"@type":"ListItem","position":1,"name":"Po\u010detna stranica","item":"https:\/\/kuca-grdan-drenovac.com\/de\/"},{"@type":"ListItem","position":2,"name":"Kontakt"}]},{"@type":"WebSite","@id":"https:\/\/kuca-grdan-drenovac.com\/#website","url":"https:\/\/kuca-grdan-drenovac.com\/","name":"Ku\u0107a za odmor Gr\u0111an Drenovac","description":"Odmor u zagrljaju prirode na obroncima Papuka u selu Slatinski Drenovac","publisher":{"@id":"https:\/\/kuca-grdan-drenovac.com\/#organization"},"potentialAction":[{"@type":"SearchAction","target":{"@type":"EntryPoint","urlTemplate":"https:\/\/kuca-grdan-drenovac.com\/?s={search_term_string}"},"query-input":{"@type":"PropertyValueSpecification","valueRequired":true,"valueName":"search_term_string"}}],"inLanguage":"en-US"},{"@type":"Organization","@id":"https:\/\/kuca-grdan-drenovac.com\/#organization","name":"Ku\u0107a za odmor Gr\u0111an Drenovac","url":"https:\/\/kuca-grdan-drenovac.com\/","logo":{"@type":"ImageObject","inLanguage":"en-US","@id":"https:\/\/kuca-grdan-drenovac.com\/#\/schema\/logo\/image\/","url":"https:\/\/kuca-grdan-drenovac.com\/wp-content\/uploads\/2024\/06\/kuca_za_odmor_grdjan-2.png","contentUrl":"https:\/\/kuca-grdan-drenovac.com\/wp-content\/uploads\/2024\/06\/kuca_za_odmor_grdjan-2.png","width":350,"height":214,"caption":"Ku\u0107a za odmor Gr\u0111an Drenovac"},"image":{"@id":"https:\/\/kuca-grdan-drenovac.com\/#\/schema\/logo\/image\/"},"sameAs":["https:\/\/www.facebook.com\/profile.php?id=61560680851262","https:\/\/www.instagram.com\/kuca_za_odmor_grdan\/"]}]}},"_links":{"self":[{"href":"https:\/\/kuca-grdan-drenovac.com\/en\/wp-json\/wp\/v2\/pages\/2675","targetHints":{"allow":["GET"]}}],"collection":[{"href":"https:\/\/kuca-grdan-drenovac.com\/en\/wp-json\/wp\/v2\/pages"}],"about":[{"href":"https:\/\/kuca-grdan-drenovac.com\/en\/wp-json\/wp\/v2\/types\/page"}],"author":[{"embeddable":true,"href":"https:\/\/kuca-grdan-drenovac.com\/en\/wp-json\/wp\/v2\/users\/1"}],"replies":[{"embeddable":true,"href":"https:\/\/kuca-grdan-drenovac.com\/en\/wp-json\/wp\/v2\/comments?post=2675"}],"version-history":[{"count":0,"href":"https:\/\/kuca-grdan-drenovac.com\/en\/wp-json\/wp\/v2\/pages\/2675\/revisions"}],"wp:attachment":[{"href":"https:\/\/kuca-grdan-drenovac.com\/en\/wp-json\/wp\/v2\/media?parent=2675"}],"curies":[{"name":"wp","href":"https:\/\/api.w.org\/{rel}","templated":true}]}}