{"id":2679,"date":"2024-06-03T11:36:52","date_gmt":"2024-06-03T11:36:52","guid":{"rendered":"https:\/\/kuca-grdan-drenovac.com\/kosarica\/"},"modified":"2024-06-03T11:36:52","modified_gmt":"2024-06-03T11:36:52","slug":"kosarica","status":"publish","type":"page","link":"https:\/\/kuca-grdan-drenovac.com\/en\/kosarica\/","title":{"rendered":"Ko\u0161arica"},"content":{"rendered":"<div data-block-name=\"woocommerce\/cart\" class=\"wp-block-woocommerce-cart alignwide is-loading\"><div data-block-name=\"woocommerce\/filled-cart-block\" class=\"wp-block-woocommerce-filled-cart-block\"><div data-block-name=\"woocommerce\/cart-items-block\" class=\"wp-block-woocommerce-cart-items-block\"><div data-block-name=\"woocommerce\/cart-line-items-block\" class=\"wp-block-woocommerce-cart-line-items-block\"><\/div>\n\n<div data-block-name=\"woocommerce\/cart-cross-sells-block\" class=\"wp-block-woocommerce-cart-cross-sells-block\"><h2 class=\"wp-block-heading has-large-font-size\">You may be interested in\u2026<\/h2>\n\n<div data-block-name=\"woocommerce\/cart-cross-sells-products-block\" class=\"wp-block-woocommerce-cart-cross-sells-products-block\"><\/div><\/div><\/div>\n\n<div data-block-name=\"woocommerce\/cart-totals-block\" class=\"wp-block-woocommerce-cart-totals-block\"><div data-block-name=\"woocommerce\/cart-order-summary-block\" class=\"wp-block-woocommerce-cart-order-summary-block\"><div data-block-name=\"woocommerce\/cart-order-summary-heading-block\" class=\"wp-block-woocommerce-cart-order-summary-heading-block\"><\/div><div data-block-name=\"woocommerce\/cart-order-summary-coupon-form-block\" class=\"wp-block-woocommerce-cart-order-summary-coupon-form-block\"><\/div><div data-block-name=\"woocommerce\/cart-order-summary-totals-block\" class=\"wp-block-woocommerce-cart-order-summary-totals-block\">\n<div data-block-name=\"woocommerce\/cart-order-summary-subtotal-block\" class=\"wp-block-woocommerce-cart-order-summary-subtotal-block\"><\/div>\n<div data-block-name=\"woocommerce\/cart-order-summary-discount-block\" class=\"wp-block-woocommerce-cart-order-summary-discount-block\"><\/div>\n<div data-block-name=\"woocommerce\/cart-order-summary-fee-block\" class=\"wp-block-woocommerce-cart-order-summary-fee-block\"><\/div>\n<div data-block-name=\"woocommerce\/cart-order-summary-shipping-block\" class=\"wp-block-woocommerce-cart-order-summary-shipping-block\"><\/div>\n<div data-block-name=\"woocommerce\/cart-order-summary-taxes-block\" class=\"wp-block-woocommerce-cart-order-summary-taxes-block\"><\/div><\/div><\/div>\n\n<div data-block-name=\"woocommerce\/cart-express-payment-block\" class=\"wp-block-woocommerce-cart-express-payment-block\"><\/div>\n\n<div data-block-name=\"woocommerce\/proceed-to-checkout-block\" class=\"wp-block-woocommerce-proceed-to-checkout-block\"><\/div>\n\n<div data-block-name=\"woocommerce\/cart-accepted-payment-methods-block\" class=\"wp-block-woocommerce-cart-accepted-payment-methods-block\"><\/div><\/div><\/div>\n\n<div data-block-name=\"woocommerce\/empty-cart-block\" class=\"wp-block-woocommerce-empty-cart-block\"><h2 class=\"wp-block-heading has-text-align-center with-empty-cart-icon wc-block-cart__empty-cart__title\">Your cart is currently empty!<\/h2>\n\n<hr class=\"wp-block-separator has-alpha-channel-opacity is-style-dots\"\/>\n\n<h2 class=\"wp-block-heading has-text-align-center\">New in store<\/h2>\n\n<div data-block-name=\"woocommerce\/product-new\" data-columns=\"4\" data-rows=\"1\" class=\"wc-block-grid wp-block-product-new wp-block-woocommerce-product-new wc-block-product-new has-4-columns\"><ul class=\"wc-block-grid__products\"><li class=\"wc-block-grid__product\">\n\t\t\t\t<a href=\"https:\/\/kuca-grdan-drenovac.com\/en\/product\/placanje-za-racun-br-4119-rezervacija-4118-kuca-apartman-kuca-grdan-datumi-from-24-04-2026-to-26-04-2026\/\" class=\"wc-block-grid__product-link\">\n\t\t\t\t\t\n\t\t\t\t\t<div class=\"wc-block-grid__product-image\"><img fetchpriority=\"high\" decoding=\"async\" width=\"300\" height=\"300\" src=\"https:\/\/kuca-grdan-drenovac.com\/wp-content\/uploads\/woocommerce-placeholder.png\" class=\"woocommerce-placeholder wp-post-image\" alt=\"\" srcset=\"https:\/\/kuca-grdan-drenovac.com\/wp-content\/uploads\/woocommerce-placeholder.png 1200w, https:\/\/kuca-grdan-drenovac.com\/wp-content\/uploads\/woocommerce-placeholder-300x300.png 300w, https:\/\/kuca-grdan-drenovac.com\/wp-content\/uploads\/woocommerce-placeholder-1024x1024.png 1024w, https:\/\/kuca-grdan-drenovac.com\/wp-content\/uploads\/woocommerce-placeholder-150x150.png 150w, https:\/\/kuca-grdan-drenovac.com\/wp-content\/uploads\/woocommerce-placeholder-768x768.png 768w, https:\/\/kuca-grdan-drenovac.com\/wp-content\/uploads\/woocommerce-placeholder-60x60.png 60w\" sizes=\"(max-width: 300px) 100vw, 300px\" \/><\/div>\n\t\t\t\t\t<div class=\"wc-block-grid__product-title\">Pla\u0107anje za ra\u010dun br: 4119 , Rezervacija 4118, Ku\u0107a\/apartman: Ku\u0107a Gr\u0111an, Datumi: from 24\/04\/2026 to 26\/04\/2026<\/div>\n\t\t\t\t<\/a>\n\t\t\t\t<div class=\"wc-block-grid__product-price price\"><span class=\"woocommerce-Price-amount amount\">400,00&nbsp;<span class=\"woocommerce-Price-currencySymbol\">&euro;<\/span><\/span><\/div>\n\t\t\t\t\n\t\t\t\t<div class=\"wp-block-button wc-block-grid__product-add-to-cart\"><a href=\"?add-to-cart=4121\" aria-label=\"Add to cart: &ldquo;Pla\u0107anje za ra\u010dun br: 4119 , Rezervacija 4118, Ku\u0107a\/apartman: Ku\u0107a Gr\u0111an, Datumi: from 24\/04\/2026 to 26\/04\/2026&rdquo;\" data-quantity=\"1\" data-product_id=\"4121\" data-product_sku=\"\" data-price=\"400\" rel=\"nofollow\" class=\"wp-block-button__link  add_to_cart_button ajax_add_to_cart\">Add to cart<\/a><\/div>\n\t\t\t<\/li><li class=\"wc-block-grid__product\">\n\t\t\t\t<a href=\"https:\/\/kuca-grdan-drenovac.com\/en\/product\/placanje-za-racun-br-4106-rezervacija-4105-kuca-apartman-kuca-grdan-datumi-from-17-07-2026-to-19-07-2026\/\" class=\"wc-block-grid__product-link\">\n\t\t\t\t\t\n\t\t\t\t\t<div class=\"wc-block-grid__product-image\"><img fetchpriority=\"high\" decoding=\"async\" width=\"300\" height=\"300\" src=\"https:\/\/kuca-grdan-drenovac.com\/wp-content\/uploads\/woocommerce-placeholder.png\" class=\"woocommerce-placeholder wp-post-image\" alt=\"\" srcset=\"https:\/\/kuca-grdan-drenovac.com\/wp-content\/uploads\/woocommerce-placeholder.png 1200w, https:\/\/kuca-grdan-drenovac.com\/wp-content\/uploads\/woocommerce-placeholder-300x300.png 300w, https:\/\/kuca-grdan-drenovac.com\/wp-content\/uploads\/woocommerce-placeholder-1024x1024.png 1024w, https:\/\/kuca-grdan-drenovac.com\/wp-content\/uploads\/woocommerce-placeholder-150x150.png 150w, https:\/\/kuca-grdan-drenovac.com\/wp-content\/uploads\/woocommerce-placeholder-768x768.png 768w, https:\/\/kuca-grdan-drenovac.com\/wp-content\/uploads\/woocommerce-placeholder-60x60.png 60w\" sizes=\"(max-width: 300px) 100vw, 300px\" \/><\/div>\n\t\t\t\t\t<div class=\"wc-block-grid__product-title\">Pla\u0107anje za ra\u010dun br: 4106 , Rezervacija 4105, Ku\u0107a\/apartman: Ku\u0107a Gr\u0111an, Datumi: from 17\/07\/2026 to 19\/07\/2026<\/div>\n\t\t\t\t<\/a>\n\t\t\t\t<div class=\"wc-block-grid__product-price price\"><span class=\"woocommerce-Price-amount amount\">400,00&nbsp;<span class=\"woocommerce-Price-currencySymbol\">&euro;<\/span><\/span><\/div>\n\t\t\t\t\n\t\t\t\t<div class=\"wp-block-button wc-block-grid__product-add-to-cart\"><a href=\"?add-to-cart=4107\" aria-label=\"Add to cart: &ldquo;Pla\u0107anje za ra\u010dun br: 4106 , Rezervacija 4105, Ku\u0107a\/apartman: Ku\u0107a Gr\u0111an, Datumi: from 17\/07\/2026 to 19\/07\/2026&rdquo;\" data-quantity=\"1\" data-product_id=\"4107\" data-product_sku=\"\" data-price=\"400\" rel=\"nofollow\" class=\"wp-block-button__link  add_to_cart_button ajax_add_to_cart\">Add to cart<\/a><\/div>\n\t\t\t<\/li><li class=\"wc-block-grid__product\">\n\t\t\t\t<a href=\"https:\/\/kuca-grdan-drenovac.com\/en\/product\/placanje-za-racun-br-4070-rezervacija-4069-kuca-apartman-kuca-grdan-datumi-from-10-04-2026-to-12-04-2026\/\" class=\"wc-block-grid__product-link\">\n\t\t\t\t\t\n\t\t\t\t\t<div class=\"wc-block-grid__product-image\"><img fetchpriority=\"high\" decoding=\"async\" width=\"300\" height=\"300\" src=\"https:\/\/kuca-grdan-drenovac.com\/wp-content\/uploads\/woocommerce-placeholder.png\" class=\"woocommerce-placeholder wp-post-image\" alt=\"\" srcset=\"https:\/\/kuca-grdan-drenovac.com\/wp-content\/uploads\/woocommerce-placeholder.png 1200w, https:\/\/kuca-grdan-drenovac.com\/wp-content\/uploads\/woocommerce-placeholder-300x300.png 300w, https:\/\/kuca-grdan-drenovac.com\/wp-content\/uploads\/woocommerce-placeholder-1024x1024.png 1024w, https:\/\/kuca-grdan-drenovac.com\/wp-content\/uploads\/woocommerce-placeholder-150x150.png 150w, https:\/\/kuca-grdan-drenovac.com\/wp-content\/uploads\/woocommerce-placeholder-768x768.png 768w, https:\/\/kuca-grdan-drenovac.com\/wp-content\/uploads\/woocommerce-placeholder-60x60.png 60w\" sizes=\"(max-width: 300px) 100vw, 300px\" \/><\/div>\n\t\t\t\t\t<div class=\"wc-block-grid__product-title\">Pla\u0107anje za ra\u010dun br: 4070 , Rezervacija 4069, Ku\u0107a\/apartman: Ku\u0107a Gr\u0111an, Datumi: from 10\/04\/2026 to 12\/04\/2026<\/div>\n\t\t\t\t<\/a>\n\t\t\t\t<div class=\"wc-block-grid__product-price price\"><span class=\"woocommerce-Price-amount amount\">400,00&nbsp;<span class=\"woocommerce-Price-currencySymbol\">&euro;<\/span><\/span><\/div>\n\t\t\t\t\n\t\t\t\t<div class=\"wp-block-button wc-block-grid__product-add-to-cart\"><a href=\"?add-to-cart=4071\" aria-label=\"Add to cart: &ldquo;Pla\u0107anje za ra\u010dun br: 4070 , Rezervacija 4069, Ku\u0107a\/apartman: Ku\u0107a Gr\u0111an, Datumi: from 10\/04\/2026 to 12\/04\/2026&rdquo;\" data-quantity=\"1\" data-product_id=\"4071\" data-product_sku=\"\" data-price=\"400\" rel=\"nofollow\" class=\"wp-block-button__link  add_to_cart_button ajax_add_to_cart\">Add to cart<\/a><\/div>\n\t\t\t<\/li><li class=\"wc-block-grid__product\">\n\t\t\t\t<a href=\"https:\/\/kuca-grdan-drenovac.com\/en\/product\/placanje-za-racun-br-4061-rezervacija-4060-kuca-apartman-apartman-cavajda-datumi-from-30-04-2026-to-02-05-2026\/\" class=\"wc-block-grid__product-link\">\n\t\t\t\t\t\n\t\t\t\t\t<div class=\"wc-block-grid__product-image\"><img fetchpriority=\"high\" decoding=\"async\" width=\"300\" height=\"300\" src=\"https:\/\/kuca-grdan-drenovac.com\/wp-content\/uploads\/woocommerce-placeholder.png\" class=\"woocommerce-placeholder wp-post-image\" alt=\"\" srcset=\"https:\/\/kuca-grdan-drenovac.com\/wp-content\/uploads\/woocommerce-placeholder.png 1200w, https:\/\/kuca-grdan-drenovac.com\/wp-content\/uploads\/woocommerce-placeholder-300x300.png 300w, https:\/\/kuca-grdan-drenovac.com\/wp-content\/uploads\/woocommerce-placeholder-1024x1024.png 1024w, https:\/\/kuca-grdan-drenovac.com\/wp-content\/uploads\/woocommerce-placeholder-150x150.png 150w, https:\/\/kuca-grdan-drenovac.com\/wp-content\/uploads\/woocommerce-placeholder-768x768.png 768w, https:\/\/kuca-grdan-drenovac.com\/wp-content\/uploads\/woocommerce-placeholder-60x60.png 60w\" sizes=\"(max-width: 300px) 100vw, 300px\" \/><\/div>\n\t\t\t\t\t<div class=\"wc-block-grid__product-title\">Pla\u0107anje za ra\u010dun br: 4061 , Rezervacija 4060, Ku\u0107a\/apartman: Apartman \u010cavajda ***, Datumi: from 30\/04\/2026 to 02\/05\/2026<\/div>\n\t\t\t\t<\/a>\n\t\t\t\t<div class=\"wc-block-grid__product-price price\"><span class=\"woocommerce-Price-amount amount\">240,00&nbsp;<span class=\"woocommerce-Price-currencySymbol\">&euro;<\/span><\/span><\/div>\n\t\t\t\t\n\t\t\t\t<div class=\"wp-block-button wc-block-grid__product-add-to-cart\"><a href=\"?add-to-cart=4062\" aria-label=\"Add to cart: &ldquo;Pla\u0107anje za ra\u010dun br: 4061 , Rezervacija 4060, Ku\u0107a\/apartman: Apartman \u010cavajda ***, Datumi: from 30\/04\/2026 to 02\/05\/2026&rdquo;\" data-quantity=\"1\" data-product_id=\"4062\" data-product_sku=\"\" data-price=\"240\" rel=\"nofollow\" class=\"wp-block-button__link  add_to_cart_button ajax_add_to_cart\">Add to cart<\/a><\/div>\n\t\t\t<\/li><\/ul><\/div><\/div><\/div>","protected":false},"excerpt":{"rendered":"","protected":false},"author":1,"featured_media":0,"parent":0,"menu_order":0,"comment_status":"closed","ping_status":"closed","template":"","meta":{"footnotes":""},"class_list":["post-2679","page","type-page","status-publish","hentry"],"yoast_head":"<!-- This site is optimized with the Yoast SEO plugin v24.8.1 - https:\/\/yoast.com\/wordpress\/plugins\/seo\/ -->\n<title>Ko\u0161arica - Ku\u0107a za odmor Gr\u0111an Drenovac<\/title>\n<meta name=\"robots\" content=\"index, follow, max-snippet:-1, max-image-preview:large, max-video-preview:-1\" \/>\n<link rel=\"canonical\" href=\"https:\/\/kuca-grdan-drenovac.com\/kosarica\/\" \/>\n<meta property=\"og:locale\" content=\"en_US\" \/>\n<meta property=\"og:type\" content=\"article\" \/>\n<meta property=\"og:title\" content=\"Ko\u0161arica - Ku\u0107a za odmor Gr\u0111an Drenovac\" \/>\n<meta property=\"og:url\" content=\"https:\/\/kuca-grdan-drenovac.com\/kosarica\/\" \/>\n<meta property=\"og:site_name\" content=\"Ku\u0107a za odmor Gr\u0111an Drenovac\" \/>\n<meta property=\"article:publisher\" content=\"https:\/\/www.facebook.com\/profile.php?id=61560680851262\" \/>\n<meta name=\"twitter:card\" content=\"summary_large_image\" \/>\n<script type=\"application\/ld+json\" class=\"yoast-schema-graph\">{\"@context\":\"https:\/\/schema.org\",\"@graph\":[{\"@type\":\"WebPage\",\"@id\":\"https:\/\/kuca-grdan-drenovac.com\/kosarica\/\",\"url\":\"https:\/\/kuca-grdan-drenovac.com\/kosarica\/\",\"name\":\"Ko\u0161arica - Ku\u0107a za odmor Gr\u0111an Drenovac\",\"isPartOf\":{\"@id\":\"https:\/\/kuca-grdan-drenovac.com\/#website\"},\"datePublished\":\"2024-06-03T11:36:52+00:00\",\"breadcrumb\":{\"@id\":\"https:\/\/kuca-grdan-drenovac.com\/kosarica\/#breadcrumb\"},\"inLanguage\":\"en-US\",\"potentialAction\":[{\"@type\":\"ReadAction\",\"target\":[\"https:\/\/kuca-grdan-drenovac.com\/kosarica\/\"]}]},{\"@type\":\"BreadcrumbList\",\"@id\":\"https:\/\/kuca-grdan-drenovac.com\/kosarica\/#breadcrumb\",\"itemListElement\":[{\"@type\":\"ListItem\",\"position\":1,\"name\":\"Po\u010detna stranica\",\"item\":\"https:\/\/kuca-grdan-drenovac.com\/de\/\"},{\"@type\":\"ListItem\",\"position\":2,\"name\":\"Ko\u0161arica\"}]},{\"@type\":\"WebSite\",\"@id\":\"https:\/\/kuca-grdan-drenovac.com\/#website\",\"url\":\"https:\/\/kuca-grdan-drenovac.com\/\",\"name\":\"Ku\u0107a za odmor Gr\u0111an Drenovac\",\"description\":\"Odmor u zagrljaju prirode na obroncima Papuka u selu Slatinski Drenovac\",\"publisher\":{\"@id\":\"https:\/\/kuca-grdan-drenovac.com\/#organization\"},\"potentialAction\":[{\"@type\":\"SearchAction\",\"target\":{\"@type\":\"EntryPoint\",\"urlTemplate\":\"https:\/\/kuca-grdan-drenovac.com\/?s={search_term_string}\"},\"query-input\":{\"@type\":\"PropertyValueSpecification\",\"valueRequired\":true,\"valueName\":\"search_term_string\"}}],\"inLanguage\":\"en-US\"},{\"@type\":\"Organization\",\"@id\":\"https:\/\/kuca-grdan-drenovac.com\/#organization\",\"name\":\"Ku\u0107a za odmor Gr\u0111an Drenovac\",\"url\":\"https:\/\/kuca-grdan-drenovac.com\/\",\"logo\":{\"@type\":\"ImageObject\",\"inLanguage\":\"en-US\",\"@id\":\"https:\/\/kuca-grdan-drenovac.com\/#\/schema\/logo\/image\/\",\"url\":\"https:\/\/kuca-grdan-drenovac.com\/wp-content\/uploads\/2024\/06\/kuca_za_odmor_grdjan-2.png\",\"contentUrl\":\"https:\/\/kuca-grdan-drenovac.com\/wp-content\/uploads\/2024\/06\/kuca_za_odmor_grdjan-2.png\",\"width\":350,\"height\":214,\"caption\":\"Ku\u0107a za odmor Gr\u0111an Drenovac\"},\"image\":{\"@id\":\"https:\/\/kuca-grdan-drenovac.com\/#\/schema\/logo\/image\/\"},\"sameAs\":[\"https:\/\/www.facebook.com\/profile.php?id=61560680851262\",\"https:\/\/www.instagram.com\/kuca_za_odmor_grdan\/\"]}]}<\/script>\n<!-- \/ Yoast SEO plugin. -->","yoast_head_json":{"title":"Ko\u0161arica - Ku\u0107a za odmor Gr\u0111an Drenovac","robots":{"index":"index","follow":"follow","max-snippet":"max-snippet:-1","max-image-preview":"max-image-preview:large","max-video-preview":"max-video-preview:-1"},"canonical":"https:\/\/kuca-grdan-drenovac.com\/kosarica\/","og_locale":"en_US","og_type":"article","og_title":"Ko\u0161arica - Ku\u0107a za odmor Gr\u0111an Drenovac","og_url":"https:\/\/kuca-grdan-drenovac.com\/kosarica\/","og_site_name":"Ku\u0107a za odmor Gr\u0111an Drenovac","article_publisher":"https:\/\/www.facebook.com\/profile.php?id=61560680851262","twitter_card":"summary_large_image","schema":{"@context":"https:\/\/schema.org","@graph":[{"@type":"WebPage","@id":"https:\/\/kuca-grdan-drenovac.com\/kosarica\/","url":"https:\/\/kuca-grdan-drenovac.com\/kosarica\/","name":"Ko\u0161arica - Ku\u0107a za odmor Gr\u0111an Drenovac","isPartOf":{"@id":"https:\/\/kuca-grdan-drenovac.com\/#website"},"datePublished":"2024-06-03T11:36:52+00:00","breadcrumb":{"@id":"https:\/\/kuca-grdan-drenovac.com\/kosarica\/#breadcrumb"},"inLanguage":"en-US","potentialAction":[{"@type":"ReadAction","target":["https:\/\/kuca-grdan-drenovac.com\/kosarica\/"]}]},{"@type":"BreadcrumbList","@id":"https:\/\/kuca-grdan-drenovac.com\/kosarica\/#breadcrumb","itemListElement":[{"@type":"ListItem","position":1,"name":"Po\u010detna stranica","item":"https:\/\/kuca-grdan-drenovac.com\/de\/"},{"@type":"ListItem","position":2,"name":"Ko\u0161arica"}]},{"@type":"WebSite","@id":"https:\/\/kuca-grdan-drenovac.com\/#website","url":"https:\/\/kuca-grdan-drenovac.com\/","name":"Ku\u0107a za odmor Gr\u0111an Drenovac","description":"Odmor u zagrljaju prirode na obroncima Papuka u selu Slatinski Drenovac","publisher":{"@id":"https:\/\/kuca-grdan-drenovac.com\/#organization"},"potentialAction":[{"@type":"SearchAction","target":{"@type":"EntryPoint","urlTemplate":"https:\/\/kuca-grdan-drenovac.com\/?s={search_term_string}"},"query-input":{"@type":"PropertyValueSpecification","valueRequired":true,"valueName":"search_term_string"}}],"inLanguage":"en-US"},{"@type":"Organization","@id":"https:\/\/kuca-grdan-drenovac.com\/#organization","name":"Ku\u0107a za odmor Gr\u0111an Drenovac","url":"https:\/\/kuca-grdan-drenovac.com\/","logo":{"@type":"ImageObject","inLanguage":"en-US","@id":"https:\/\/kuca-grdan-drenovac.com\/#\/schema\/logo\/image\/","url":"https:\/\/kuca-grdan-drenovac.com\/wp-content\/uploads\/2024\/06\/kuca_za_odmor_grdjan-2.png","contentUrl":"https:\/\/kuca-grdan-drenovac.com\/wp-content\/uploads\/2024\/06\/kuca_za_odmor_grdjan-2.png","width":350,"height":214,"caption":"Ku\u0107a za odmor Gr\u0111an Drenovac"},"image":{"@id":"https:\/\/kuca-grdan-drenovac.com\/#\/schema\/logo\/image\/"},"sameAs":["https:\/\/www.facebook.com\/profile.php?id=61560680851262","https:\/\/www.instagram.com\/kuca_za_odmor_grdan\/"]}]}},"_links":{"self":[{"href":"https:\/\/kuca-grdan-drenovac.com\/en\/wp-json\/wp\/v2\/pages\/2679","targetHints":{"allow":["GET"]}}],"collection":[{"href":"https:\/\/kuca-grdan-drenovac.com\/en\/wp-json\/wp\/v2\/pages"}],"about":[{"href":"https:\/\/kuca-grdan-drenovac.com\/en\/wp-json\/wp\/v2\/types\/page"}],"author":[{"embeddable":true,"href":"https:\/\/kuca-grdan-drenovac.com\/en\/wp-json\/wp\/v2\/users\/1"}],"replies":[{"embeddable":true,"href":"https:\/\/kuca-grdan-drenovac.com\/en\/wp-json\/wp\/v2\/comments?post=2679"}],"version-history":[{"count":0,"href":"https:\/\/kuca-grdan-drenovac.com\/en\/wp-json\/wp\/v2\/pages\/2679\/revisions"}],"wp:attachment":[{"href":"https:\/\/kuca-grdan-drenovac.com\/en\/wp-json\/wp\/v2\/media?parent=2679"}],"curies":[{"name":"wp","href":"https:\/\/api.w.org\/{rel}","templated":true}]}}